{"id":557,"date":"2016-05-04T07:45:47","date_gmt":"2016-05-04T07:45:47","guid":{"rendered":"http:\/\/www.hostalloscorchos.com\/en\/?page_id=557"},"modified":"2016-05-04T07:48:15","modified_gmt":"2016-05-04T07:48:15","slug":"promotions","status":"publish","type":"page","link":"https:\/\/www.hostalloscorchos.com\/en\/promotions\/","title":{"rendered":"Promotions and conditions"},"content":{"rendered":"<p>[et_pb_section admin_label=&#8221;Secci\u00f3n&#8221; fullwidth=&#8221;on&#8221; specialty=&#8221;off&#8221; background_image=&#8221;https:\/\/www.hostalloscorchos.com\/wp-content\/uploads\/2015\/09\/hostal-loscorchos-fondo5.jpg&#8221; transparent_background=&#8221;off&#8221; allow_player_pause=&#8221;off&#8221; inner_shadow=&#8221;off&#8221; parallax=&#8221;off&#8221; parallax_method=&#8221;off&#8221; padding_mobile=&#8221;off&#8221; make_fullwidth=&#8221;off&#8221; use_custom_width=&#8221;off&#8221; width_unit=&#8221;on&#8221; make_equal=&#8221;off&#8221; use_custom_gutter=&#8221;off&#8221;][et_pb_fullwidth_header admin_label=&#8221;T\u00edtulo de anchura completa&#8221; title=&#8221;PROMOTIONS AND CONDITIONS&#8221; background_layout=&#8221;light&#8221; text_orientation=&#8221;center&#8221; header_fullscreen=&#8221;off&#8221; header_scroll_down=&#8221;off&#8221; parallax=&#8221;off&#8221; parallax_method=&#8221;off&#8221; content_orientation=&#8221;center&#8221; image_orientation=&#8221;center&#8221; custom_button_one=&#8221;off&#8221; button_one_letter_spacing=&#8221;0&#8243; button_one_use_icon=&#8221;default&#8221; button_one_icon_placement=&#8221;right&#8221; button_one_on_hover=&#8221;on&#8221; button_one_letter_spacing_hover=&#8221;0&#8243; custom_button_two=&#8221;off&#8221; button_two_letter_spacing=&#8221;0&#8243; button_two_use_icon=&#8221;default&#8221; button_two_icon_placement=&#8221;right&#8221; button_two_on_hover=&#8221;on&#8221; button_two_letter_spacing_hover=&#8221;0&#8243;] [\/et_pb_fullwidth_header][\/et_pb_section][et_pb_section admin_label=&#8221;section&#8221; transparent_background=&#8221;off&#8221; background_color=&#8221;rgba(102,85,70,0.26)&#8221; allow_player_pause=&#8221;off&#8221; inner_shadow=&#8221;off&#8221; parallax=&#8221;off&#8221; parallax_method=&#8221;off&#8221; padding_mobile=&#8221;off&#8221; make_fullwidth=&#8221;off&#8221; use_custom_width=&#8221;off&#8221; width_unit=&#8221;on&#8221; make_equal=&#8221;off&#8221; use_custom_gutter=&#8221;off&#8221;][et_pb_row admin_label=&#8221;row&#8221;][et_pb_column type=&#8221;4_4&#8243;][et_pb_text admin_label=&#8221;Texto&#8221; background_layout=&#8221;light&#8221; text_orientation=&#8221;center&#8221; use_border_color=&#8221;off&#8221; border_color=&#8221;#ffffff&#8221; border_style=&#8221;solid&#8221;]<\/p>\n<p>&nbsp;<\/p>\n<div class=\" et_pb_row et_pb_row_0\">\n<div class=\"et_pb_column et_pb_column_4_4 et_pb_column_0\">\n<div class=\"et_pb_text et_pb_module et_pb_bg_layout_light et_pb_text_align_justified et_pb_text_0\">\n<ul>\n<li><strong>Price from \u20ac30<\/strong> Price of a single room in low season, subject to availability room and booking dates. To confirm, contact Hostal Los Corchos in advance and ask about the price of the room you are interested in.<\/li>\n<\/ul>\n<p>&nbsp;<\/p>\n<ul>\n<li><strong>Free parking:<\/strong> subject to availability, contact the hostel directly at the time of booking.<\/li>\n<\/ul>\n<p>&nbsp;<\/p>\n<ul>\n<li><strong>10% discount on online bookings:<\/strong> this discount applies to minimum stays of 2 nights, with the exception of Holy Week, July to September and from 6 to 12 October.<\/li>\n<\/ul>\n<\/div>\n<\/div>\n<\/div>\n<p>&nbsp;<\/p>\n<p>[\/et_pb_text][\/et_pb_column][\/et_pb_row][\/et_pb_section]<\/p>\n","protected":false},"excerpt":{"rendered":"<p>&nbsp; Price from \u20ac30 Price of a single room in low season, subject to availability room and booking dates. To confirm, contact Hostal Los Corchos in advance and ask about the price of the room you are interested in. &nbsp; Free parking: subject to availability, contact the hostel directly at the time of booking. &nbsp; [&hellip;]<\/p>\n","protected":false},"author":6,"featured_media":0,"parent":0,"menu_order":0,"comment_status":"closed","ping_status":"closed","template":"","meta":{"_et_pb_use_builder":"on","_et_pb_old_content":"<p>[et_pb_section admin_label=\"Secci\u00f3n\" fullwidth=\"on\" specialty=\"off\" background_image=\"https:\/\/www.hostalloscorchos.com\/wp-content\/uploads\/2015\/09\/hostal-loscorchos-fondo5.jpg\" transparent_background=\"off\" allow_player_pause=\"off\" inner_shadow=\"off\" parallax=\"off\" parallax_method=\"off\" padding_mobile=\"off\" make_fullwidth=\"off\" use_custom_width=\"off\" width_unit=\"on\" make_equal=\"off\" use_custom_gutter=\"off\"][et_pb_fullwidth_header admin_label=\"T\u00edtulo de anchura completa\" title=\"PROMOCIONES Y CONDICIONES\" background_layout=\"light\" text_orientation=\"center\" header_fullscreen=\"off\" header_scroll_down=\"off\" parallax=\"off\" parallax_method=\"off\" content_orientation=\"center\" image_orientation=\"center\" custom_button_one=\"off\" button_one_letter_spacing=\"0\" button_one_use_icon=\"default\" button_one_icon_placement=\"right\" button_one_on_hover=\"on\" button_one_letter_spacing_hover=\"0\" custom_button_two=\"off\" button_two_letter_spacing=\"0\" button_two_use_icon=\"default\" button_two_icon_placement=\"right\" button_two_on_hover=\"on\" button_two_letter_spacing_hover=\"0\"] [\/et_pb_fullwidth_header][\/et_pb_section][et_pb_section admin_label=\"section\" transparent_background=\"off\" background_color=\"rgba(102,85,70,0.26)\" allow_player_pause=\"off\" inner_shadow=\"off\" parallax=\"off\" parallax_method=\"off\" padding_mobile=\"off\" make_fullwidth=\"off\" use_custom_width=\"off\" width_unit=\"on\" make_equal=\"off\" use_custom_gutter=\"off\"][et_pb_row admin_label=\"row\"][et_pb_column type=\"4_4\"][et_pb_text admin_label=\"Texto\" background_layout=\"light\" text_orientation=\"center\" use_border_color=\"off\" border_color=\"#ffffff\" border_style=\"solid\"]<\/p><div class=\" et_pb_row et_pb_row_0\"><div class=\"et_pb_column et_pb_column_4_4 et_pb_column_0\"><div class=\"et_pb_text et_pb_module et_pb_bg_layout_light et_pb_text_align_justified et_pb_text_0\"><ul><li><strong>Precio desde 30 \u20ac-<\/strong> Precio de habitaci\u00f3n individual en temporada baja, sujeto a disponibilidad de habitaci\u00f3n y a fecha de reserva. Para m\u00e1s seguridad contacte previamente con Hostal Los Corchos y confirme precio de la habitaci\u00f3n deseada.<\/li><\/ul><p>\u00a0<\/p><ul><li><strong>Parking gratis:<\/strong> sujeto a disponibilidad, consulte directamente con el Hostal a la hora de hacer su reserva.<\/li><\/ul><p>\u00a0<\/p><ul><li><strong>10% de descuento en reservas online:<\/strong> este descuento es aplicable para estancias m\u00ednimas de 2 noches, exceptuando los periodos de Semana Santa, Julio-Septiembre y del 6 al 12 de Octubre.<\/li><\/ul><\/div><\/div><\/div><p>[\/et_pb_text][\/et_pb_column][\/et_pb_row][\/et_pb_section]<\/p>","_et_gb_content_width":"","footnotes":""},"class_list":["post-557","page","type-page","status-publish","hentry"],"yoast_head":"<!-- This site is optimized with the Yoast SEO plugin v27.4 - https:\/\/yoast.com\/product\/yoast-seo-wordpress\/ -->\n<title>Promotions and conditions - Hostal Los Corchos<\/title>\n<meta name=\"description\" content=\"see here Hostal Los Corchos conditions and promotions.\" \/>\n<meta name=\"robots\" content=\"index, follow, max-snippet:-1, max-image-preview:large, max-video-preview:-1\" \/>\n<link rel=\"canonical\" href=\"https:\/\/www.hostalloscorchos.com\/en\/promotions\/\" \/>\n<meta property=\"og:locale\" content=\"en_US\" \/>\n<meta property=\"og:type\" content=\"article\" \/>\n<meta property=\"og:title\" content=\"Promotions and conditions - Hostal Los Corchos\" \/>\n<meta property=\"og:description\" content=\"see here Hostal Los Corchos conditions and promotions.\" \/>\n<meta property=\"og:url\" content=\"https:\/\/www.hostalloscorchos.com\/en\/promotions\/\" \/>\n<meta property=\"og:site_name\" content=\"Hostal Los Corchos\" \/>\n<meta property=\"article:modified_time\" content=\"2016-05-04T07:48:15+00:00\" \/>\n<meta name=\"twitter:label1\" content=\"Est. reading time\" \/>\n\t<meta name=\"twitter:data1\" content=\"2 minutes\" \/>\n<script type=\"application\/ld+json\" class=\"yoast-schema-graph\">{\"@context\":\"https:\\\/\\\/schema.org\",\"@graph\":[{\"@type\":\"WebPage\",\"@id\":\"https:\\\/\\\/www.hostalloscorchos.com\\\/en\\\/promotions\\\/\",\"url\":\"https:\\\/\\\/www.hostalloscorchos.com\\\/en\\\/promotions\\\/\",\"name\":\"Promotions and conditions - Hostal Los Corchos\",\"isPartOf\":{\"@id\":\"https:\\\/\\\/www.hostalloscorchos.com\\\/#website\"},\"datePublished\":\"2016-05-04T07:45:47+00:00\",\"dateModified\":\"2016-05-04T07:48:15+00:00\",\"description\":\"see here Hostal Los Corchos conditions and promotions.\",\"breadcrumb\":{\"@id\":\"https:\\\/\\\/www.hostalloscorchos.com\\\/en\\\/promotions\\\/#breadcrumb\"},\"inLanguage\":\"en-US\",\"potentialAction\":[{\"@type\":\"ReadAction\",\"target\":[\"https:\\\/\\\/www.hostalloscorchos.com\\\/en\\\/promotions\\\/\"]}]},{\"@type\":\"BreadcrumbList\",\"@id\":\"https:\\\/\\\/www.hostalloscorchos.com\\\/en\\\/promotions\\\/#breadcrumb\",\"itemListElement\":[{\"@type\":\"ListItem\",\"position\":1,\"name\":\"Home\",\"item\":\"https:\\\/\\\/www.hostalloscorchos.com\\\/en\\\/\"},{\"@type\":\"ListItem\",\"position\":2,\"name\":\"Promotions and conditions\"}]},{\"@type\":\"WebSite\",\"@id\":\"https:\\\/\\\/www.hostalloscorchos.com\\\/#website\",\"url\":\"https:\\\/\\\/www.hostalloscorchos.com\\\/\",\"name\":\"Hostal Los Corchos\",\"description\":\"Hostal Los Corchos | Beach | Fuengirola\",\"potentialAction\":[{\"@type\":\"SearchAction\",\"target\":{\"@type\":\"EntryPoint\",\"urlTemplate\":\"https:\\\/\\\/www.hostalloscorchos.com\\\/?s={search_term_string}\"},\"query-input\":{\"@type\":\"PropertyValueSpecification\",\"valueRequired\":true,\"valueName\":\"search_term_string\"}}],\"inLanguage\":\"en-US\"}]}<\/script>\n<!-- \/ Yoast SEO plugin. -->","yoast_head_json":{"title":"Promotions and conditions - Hostal Los Corchos","description":"see here Hostal Los Corchos conditions and promotions.","robots":{"index":"index","follow":"follow","max-snippet":"max-snippet:-1","max-image-preview":"max-image-preview:large","max-video-preview":"max-video-preview:-1"},"canonical":"https:\/\/www.hostalloscorchos.com\/en\/promotions\/","og_locale":"en_US","og_type":"article","og_title":"Promotions and conditions - Hostal Los Corchos","og_description":"see here Hostal Los Corchos conditions and promotions.","og_url":"https:\/\/www.hostalloscorchos.com\/en\/promotions\/","og_site_name":"Hostal Los Corchos","article_modified_time":"2016-05-04T07:48:15+00:00","twitter_misc":{"Est. reading time":"2 minutes"},"schema":{"@context":"https:\/\/schema.org","@graph":[{"@type":"WebPage","@id":"https:\/\/www.hostalloscorchos.com\/en\/promotions\/","url":"https:\/\/www.hostalloscorchos.com\/en\/promotions\/","name":"Promotions and conditions - Hostal Los Corchos","isPartOf":{"@id":"https:\/\/www.hostalloscorchos.com\/#website"},"datePublished":"2016-05-04T07:45:47+00:00","dateModified":"2016-05-04T07:48:15+00:00","description":"see here Hostal Los Corchos conditions and promotions.","breadcrumb":{"@id":"https:\/\/www.hostalloscorchos.com\/en\/promotions\/#breadcrumb"},"inLanguage":"en-US","potentialAction":[{"@type":"ReadAction","target":["https:\/\/www.hostalloscorchos.com\/en\/promotions\/"]}]},{"@type":"BreadcrumbList","@id":"https:\/\/www.hostalloscorchos.com\/en\/promotions\/#breadcrumb","itemListElement":[{"@type":"ListItem","position":1,"name":"Home","item":"https:\/\/www.hostalloscorchos.com\/en\/"},{"@type":"ListItem","position":2,"name":"Promotions and conditions"}]},{"@type":"WebSite","@id":"https:\/\/www.hostalloscorchos.com\/#website","url":"https:\/\/www.hostalloscorchos.com\/","name":"Hostal Los Corchos","description":"Hostal Los Corchos | Beach | Fuengirola","potentialAction":[{"@type":"SearchAction","target":{"@type":"EntryPoint","urlTemplate":"https:\/\/www.hostalloscorchos.com\/?s={search_term_string}"},"query-input":{"@type":"PropertyValueSpecification","valueRequired":true,"valueName":"search_term_string"}}],"inLanguage":"en-US"}]}},"_links":{"self":[{"href":"https:\/\/www.hostalloscorchos.com\/en\/wp-json\/wp\/v2\/pages\/557","targetHints":{"allow":["GET"]}}],"collection":[{"href":"https:\/\/www.hostalloscorchos.com\/en\/wp-json\/wp\/v2\/pages"}],"about":[{"href":"https:\/\/www.hostalloscorchos.com\/en\/wp-json\/wp\/v2\/types\/page"}],"author":[{"embeddable":true,"href":"https:\/\/www.hostalloscorchos.com\/en\/wp-json\/wp\/v2\/users\/6"}],"replies":[{"embeddable":true,"href":"https:\/\/www.hostalloscorchos.com\/en\/wp-json\/wp\/v2\/comments?post=557"}],"version-history":[{"count":1,"href":"https:\/\/www.hostalloscorchos.com\/en\/wp-json\/wp\/v2\/pages\/557\/revisions"}],"predecessor-version":[{"id":558,"href":"https:\/\/www.hostalloscorchos.com\/en\/wp-json\/wp\/v2\/pages\/557\/revisions\/558"}],"wp:attachment":[{"href":"https:\/\/www.hostalloscorchos.com\/en\/wp-json\/wp\/v2\/media?parent=557"}],"curies":[{"name":"wp","href":"https:\/\/api.w.org\/{rel}","templated":true}]}}