{"id":507,"date":"2016-05-03T13:17:51","date_gmt":"2016-05-03T13:17:51","guid":{"rendered":"http:\/\/www.hostalloscorchos.com\/en\/?page_id=507"},"modified":"2021-09-09T13:36:35","modified_gmt":"2021-09-09T13:36:35","slug":"contact-us","status":"publish","type":"page","link":"https:\/\/www.hostalloscorchos.com\/en\/contact-us\/","title":{"rendered":"contact us"},"content":{"rendered":"<p>[et_pb_section fb_built=&#8221;1&#8243; fullwidth=&#8221;on&#8221; admin_label=&#8221;section&#8221; _builder_version=&#8221;3.22&#8243; global_colors_info=&#8221;{}&#8221;][et_pb_fullwidth_map address=&#8221;Calle Hern\u00e1n Cort\u00e9s, 57, 29640 Fuengirola, M\u00e1laga, Espa\u00f1a&#8221; zoom_level=&#8221;16&#8243; address_lat=&#8221;36.54573987737414&#8243; address_lng=&#8221;-4.61540328437809&#8243; mouse_wheel=&#8221;off&#8221; admin_label=&#8221;Fullwidth Map&#8221; _builder_version=&#8221;3.0.91&#8243; global_colors_info=&#8221;{}&#8221;][et_pb_map_pin title=&#8221;Hostal Los Corchos&#8221; pin_address=&#8221;Calle Hern\u00e1n Cort\u00e9s, 57, 29640 Fuengirola, M\u00e1laga, Espa\u00f1a&#8221; pin_address_lat=&#8221;36.5466768&#8243; pin_address_lng=&#8221;-4.617195000000038&#8243; _builder_version=&#8221;3.0.47&#8243; global_colors_info=&#8221;{}&#8221;]Hostal Los Corchos Tel | Phone: 952 58 58 41<br \/>\n[\/et_pb_map_pin][\/et_pb_fullwidth_map][\/et_pb_section][et_pb_section fb_built=&#8221;1&#8243; custom_padding_last_edited=&#8221;on|desktop&#8221; admin_label=&#8221;section&#8221; _builder_version=&#8221;3.22&#8243; background_image=&#8221;https:\/\/www.hostalloscorchos.com\/wp-content\/uploads\/2015\/09\/hostal-loscorchos-fondo7.jpg&#8221; custom_padding_tablet=&#8221;50px|0|50px|0&#8243; custom_padding_phone=&#8221;&#8221; transparent_background=&#8221;off&#8221; padding_mobile=&#8221;off&#8221; make_fullwidth=&#8221;off&#8221; use_custom_width=&#8221;off&#8221; width_unit=&#8221;on&#8221; global_colors_info=&#8221;{}&#8221;][et_pb_row admin_label=&#8221;row&#8221; _builder_version=&#8221;3.25&#8243; background_size=&#8221;initial&#8221; background_position=&#8221;top_left&#8221; background_repeat=&#8221;repeat&#8221; global_colors_info=&#8221;{}&#8221; column_structure=&#8221;2_3,1_3&#8243;][et_pb_column type=&#8221;2_3&#8243; _builder_version=&#8221;3.25&#8243; custom_padding=&#8221;|||&#8221; global_colors_info=&#8221;{}&#8221; custom_padding__hover=&#8221;|||&#8221;][et_pb_contact_form email=&#8221;info@hostalloscorchos.com&#8221; title=&#8221;BOOK NOW&#8221; custom_message=&#8221;SOLICITUD INFO\/BOOKING Nombre:%%name%% e-mail:%%Email%% Mensaje: %%message%% ||et_pb_line_break_holder||Privacy Policy: %%Privacidad%%&#8221; use_redirect=&#8221;on&#8221; redirect_url=&#8221;https:\/\/www.hostalloscorchos.com\/gracias-por-contactar&#8221; success_message=&#8221;Su mensaje se ha enviado, en breve nos pondremos en contacto con usted.&#8221; module_id=&#8221;et_pb_contact_form_0&#8243; _builder_version=&#8221;4.10.6&#8243; form_field_text_color=&#8221;#85cddb&#8221; title_font=&#8221;||||||||&#8221; title_text_color=&#8221;#ffffff&#8221; custom_button=&#8221;on&#8221; button_text_color=&#8221;#85cddb&#8221; button_border_color=&#8221;#85cddb&#8221; max_width=&#8221;100%&#8221; hover_enabled=&#8221;0&#8243; z_index_tablet=&#8221;500&#8243; custom_css_captcha_label=&#8221;color: #ffffff !important;&#8221; border_radii=&#8221;on|0px|0px|0px|0px&#8221; use_border_color=&#8221;off&#8221; global_module=&#8221;31240&#8243; saved_tabs=&#8221;all&#8221; global_colors_info=&#8221;{}&#8221; button_text_color_hover=&#8221;#85cddb&#8221; button_border_color_hover=&#8221;#85cddb&#8221; button_letter_spacing_hover=&#8221;0&#8243; use_spam_service=&#8221;on&#8221; recaptcha_list=&#8221;Hostal Los Corchos|Hostal Los Corchos-0&#8243; sticky_enabled=&#8221;0&#8243;][et_pb_contact_field field_id=&#8221;Name&#8221; field_title=&#8221;Name&#8221; _builder_version=&#8221;3.21.1&#8243; form_field_font=&#8221;||||&#8221; max_width=&#8221;100%&#8221; use_border_color=&#8221;off&#8221; border_style=&#8221;solid&#8221; global_colors_info=&#8221;{}&#8221;][\/et_pb_contact_field][et_pb_contact_field field_id=&#8221;Email&#8221; field_title=&#8221;Email&#8221; field_type=&#8221;email&#8221; _builder_version=&#8221;3.21.1&#8243; form_field_font=&#8221;||||&#8221; max_width=&#8221;100%&#8221; use_border_color=&#8221;off&#8221; border_style=&#8221;solid&#8221; global_colors_info=&#8221;{}&#8221;][\/et_pb_contact_field][et_pb_contact_field field_id=&#8221;Message&#8221; field_title=&#8221;Message&#8221; field_type=&#8221;text&#8221; fullwidth_field=&#8221;on&#8221; _builder_version=&#8221;3.21.1&#8243; form_field_font=&#8221;||||&#8221; max_width=&#8221;100%&#8221; use_border_color=&#8221;off&#8221; border_style=&#8221;solid&#8221; global_colors_info=&#8221;{}&#8221;][\/et_pb_contact_field][et_pb_contact_field field_id=&#8221;Privacidad&#8221; field_title=&#8221;Privacy policy&#8221; field_type=&#8221;checkbox&#8221; checkbox_options=&#8221;%91{%22value%22:%22I have read and accept the privacy policy%22,%22checked%22:0,%22dragID%22:-1,%22link_url%22:%22https:\/\/www.hostalloscorchos.com\/en\/politica-privacidad-cookies\/%22}%93&#8243; _builder_version=&#8221;3.21.1&#8243; max_width=&#8221;100%&#8221; global_colors_info=&#8221;{}&#8221;][\/et_pb_contact_field][\/et_pb_contact_form][\/et_pb_column][et_pb_column type=&#8221;1_3&#8243; _builder_version=&#8221;3.25&#8243; custom_padding=&#8221;|||&#8221; global_colors_info=&#8221;{}&#8221; custom_padding__hover=&#8221;|||&#8221;][et_pb_text admin_label=&#8221;Text&#8221; _builder_version=&#8221;3.27.4&#8243; background_size=&#8221;initial&#8221; background_position=&#8221;top_left&#8221; background_repeat=&#8221;repeat&#8221; background_layout=&#8221;dark&#8221; use_border_color=&#8221;off&#8221; border_color=&#8221;#ffffff&#8221; border_style=&#8221;solid&#8221; global_colors_info=&#8221;{}&#8221;]<\/p>\n<p>\n&nbsp;<\/p>\n<h3><strong>More information<\/strong><\/h3>\n<p><span lang=\"EN-GB\">Located between Fuengirola and Los Boliches, in the best part of the promenade, 40 m from the beach and 500 m from the city centre. Therefore, guests can walk to the town centre and train and bus stations to visit M\u00e1laga, Marbella or any of the other nearby cities.<\/span><\/p>\n<p><strong><span lang=\"EN-GB\">Address:<\/span><\/strong><span lang=\"EN-GB\"> Calle Hern\u00e1n Cortes, 57<br \/>Fuengirola, 29640 M\u00e1laga<\/span><\/p>\n<p><strong><span lang=\"EN-GB\">Telephone:<\/span><\/strong><span lang=\"EN-GB\"> (+ 34) 952 58 58 41<\/span><\/p>\n<p><strong><span lang=\"EN-GB\">Fax:<\/span><\/strong><span lang=\"EN-GB\"> (+ 34) 951 90 34 52<\/span><\/p>\n<p><strong><span lang=\"EN-GB\">Email:<\/span><\/strong><span lang=\"EN-GB\"><strong>\u00a0<\/strong> info@hostalloscorchos.com<\/span><\/p>\n<p><strong><span lang=\"EN-GB\">Opening hours:<\/span><\/strong><span lang=\"EN-GB\"> 24 hours.<\/span><\/p>\n<p>&nbsp;<\/p>\n<p>&nbsp;<\/p>\n<p>[\/et_pb_text][\/et_pb_column][\/et_pb_row][\/et_pb_section]<\/p>\n","protected":false},"excerpt":{"rendered":"<p>Hostal Los Corchos Tel | Phone: 952 58 58 41 &nbsp; More information Located between Fuengirola and Los Boliches, in the best part of the promenade, 40 m from the beach and 500 m from the city centre. Therefore, guests can walk to the town centre and train and bus stations to visit M\u00e1laga, Marbella [&hellip;]<\/p>\n","protected":false},"author":6,"featured_media":0,"parent":0,"menu_order":0,"comment_status":"closed","ping_status":"closed","template":"","meta":{"_et_pb_use_builder":"on","_et_pb_old_content":"","_et_gb_content_width":"","footnotes":""},"class_list":["post-507","page","type-page","status-publish","hentry"],"yoast_head":"<!-- This site is optimized with the Yoast SEO plugin v27.4 - https:\/\/yoast.com\/product\/yoast-seo-wordpress\/ -->\n<title>contact us - Hostal Los Corchos<\/title>\n<meta name=\"description\" content=\"Located between Fuengirola and Los Boliches, in the best part of the promenade, 40 m from the beach and 500 m from the city centre.\" \/>\n<meta name=\"robots\" content=\"index, follow, max-snippet:-1, max-image-preview:large, max-video-preview:-1\" \/>\n<link rel=\"canonical\" href=\"https:\/\/www.hostalloscorchos.com\/en\/contact-us\/\" \/>\n<meta property=\"og:locale\" content=\"en_US\" \/>\n<meta property=\"og:type\" content=\"article\" \/>\n<meta property=\"og:title\" content=\"contact us - Hostal Los Corchos\" \/>\n<meta property=\"og:description\" content=\"Located between Fuengirola and Los Boliches, in the best part of the promenade, 40 m from the beach and 500 m from the city centre.\" \/>\n<meta property=\"og:url\" content=\"https:\/\/www.hostalloscorchos.com\/en\/contact-us\/\" \/>\n<meta property=\"og:site_name\" content=\"Hostal Los Corchos\" \/>\n<meta property=\"article:modified_time\" content=\"2021-09-09T13:36:35+00:00\" \/>\n<meta name=\"twitter:label1\" content=\"Est. reading time\" \/>\n\t<meta name=\"twitter:data1\" content=\"3 minutes\" \/>\n<script type=\"application\/ld+json\" class=\"yoast-schema-graph\">{\"@context\":\"https:\\\/\\\/schema.org\",\"@graph\":[{\"@type\":\"WebPage\",\"@id\":\"https:\\\/\\\/www.hostalloscorchos.com\\\/en\\\/contact-us\\\/\",\"url\":\"https:\\\/\\\/www.hostalloscorchos.com\\\/en\\\/contact-us\\\/\",\"name\":\"contact us - Hostal Los Corchos\",\"isPartOf\":{\"@id\":\"https:\\\/\\\/www.hostalloscorchos.com\\\/#website\"},\"datePublished\":\"2016-05-03T13:17:51+00:00\",\"dateModified\":\"2021-09-09T13:36:35+00:00\",\"description\":\"Located between Fuengirola and Los Boliches, in the best part of the promenade, 40 m from the beach and 500 m from the city centre.\",\"breadcrumb\":{\"@id\":\"https:\\\/\\\/www.hostalloscorchos.com\\\/en\\\/contact-us\\\/#breadcrumb\"},\"inLanguage\":\"en-US\",\"potentialAction\":[{\"@type\":\"ReadAction\",\"target\":[\"https:\\\/\\\/www.hostalloscorchos.com\\\/en\\\/contact-us\\\/\"]}]},{\"@type\":\"BreadcrumbList\",\"@id\":\"https:\\\/\\\/www.hostalloscorchos.com\\\/en\\\/contact-us\\\/#breadcrumb\",\"itemListElement\":[{\"@type\":\"ListItem\",\"position\":1,\"name\":\"Home\",\"item\":\"https:\\\/\\\/www.hostalloscorchos.com\\\/en\\\/\"},{\"@type\":\"ListItem\",\"position\":2,\"name\":\"contact us\"}]},{\"@type\":\"WebSite\",\"@id\":\"https:\\\/\\\/www.hostalloscorchos.com\\\/#website\",\"url\":\"https:\\\/\\\/www.hostalloscorchos.com\\\/\",\"name\":\"Hostal Los Corchos\",\"description\":\"Hostal Los Corchos | Beach | Fuengirola\",\"potentialAction\":[{\"@type\":\"SearchAction\",\"target\":{\"@type\":\"EntryPoint\",\"urlTemplate\":\"https:\\\/\\\/www.hostalloscorchos.com\\\/?s={search_term_string}\"},\"query-input\":{\"@type\":\"PropertyValueSpecification\",\"valueRequired\":true,\"valueName\":\"search_term_string\"}}],\"inLanguage\":\"en-US\"}]}<\/script>\n<!-- \/ Yoast SEO plugin. -->","yoast_head_json":{"title":"contact us - Hostal Los Corchos","description":"Located between Fuengirola and Los Boliches, in the best part of the promenade, 40 m from the beach and 500 m from the city centre.","robots":{"index":"index","follow":"follow","max-snippet":"max-snippet:-1","max-image-preview":"max-image-preview:large","max-video-preview":"max-video-preview:-1"},"canonical":"https:\/\/www.hostalloscorchos.com\/en\/contact-us\/","og_locale":"en_US","og_type":"article","og_title":"contact us - Hostal Los Corchos","og_description":"Located between Fuengirola and Los Boliches, in the best part of the promenade, 40 m from the beach and 500 m from the city centre.","og_url":"https:\/\/www.hostalloscorchos.com\/en\/contact-us\/","og_site_name":"Hostal Los Corchos","article_modified_time":"2021-09-09T13:36:35+00:00","twitter_misc":{"Est. reading time":"3 minutes"},"schema":{"@context":"https:\/\/schema.org","@graph":[{"@type":"WebPage","@id":"https:\/\/www.hostalloscorchos.com\/en\/contact-us\/","url":"https:\/\/www.hostalloscorchos.com\/en\/contact-us\/","name":"contact us - Hostal Los Corchos","isPartOf":{"@id":"https:\/\/www.hostalloscorchos.com\/#website"},"datePublished":"2016-05-03T13:17:51+00:00","dateModified":"2021-09-09T13:36:35+00:00","description":"Located between Fuengirola and Los Boliches, in the best part of the promenade, 40 m from the beach and 500 m from the city centre.","breadcrumb":{"@id":"https:\/\/www.hostalloscorchos.com\/en\/contact-us\/#breadcrumb"},"inLanguage":"en-US","potentialAction":[{"@type":"ReadAction","target":["https:\/\/www.hostalloscorchos.com\/en\/contact-us\/"]}]},{"@type":"BreadcrumbList","@id":"https:\/\/www.hostalloscorchos.com\/en\/contact-us\/#breadcrumb","itemListElement":[{"@type":"ListItem","position":1,"name":"Home","item":"https:\/\/www.hostalloscorchos.com\/en\/"},{"@type":"ListItem","position":2,"name":"contact us"}]},{"@type":"WebSite","@id":"https:\/\/www.hostalloscorchos.com\/#website","url":"https:\/\/www.hostalloscorchos.com\/","name":"Hostal Los Corchos","description":"Hostal Los Corchos | Beach | Fuengirola","potentialAction":[{"@type":"SearchAction","target":{"@type":"EntryPoint","urlTemplate":"https:\/\/www.hostalloscorchos.com\/?s={search_term_string}"},"query-input":{"@type":"PropertyValueSpecification","valueRequired":true,"valueName":"search_term_string"}}],"inLanguage":"en-US"}]}},"_links":{"self":[{"href":"https:\/\/www.hostalloscorchos.com\/en\/wp-json\/wp\/v2\/pages\/507","targetHints":{"allow":["GET"]}}],"collection":[{"href":"https:\/\/www.hostalloscorchos.com\/en\/wp-json\/wp\/v2\/pages"}],"about":[{"href":"https:\/\/www.hostalloscorchos.com\/en\/wp-json\/wp\/v2\/types\/page"}],"author":[{"embeddable":true,"href":"https:\/\/www.hostalloscorchos.com\/en\/wp-json\/wp\/v2\/users\/6"}],"replies":[{"embeddable":true,"href":"https:\/\/www.hostalloscorchos.com\/en\/wp-json\/wp\/v2\/comments?post=507"}],"version-history":[{"count":7,"href":"https:\/\/www.hostalloscorchos.com\/en\/wp-json\/wp\/v2\/pages\/507\/revisions"}],"predecessor-version":[{"id":31300,"href":"https:\/\/www.hostalloscorchos.com\/en\/wp-json\/wp\/v2\/pages\/507\/revisions\/31300"}],"wp:attachment":[{"href":"https:\/\/www.hostalloscorchos.com\/en\/wp-json\/wp\/v2\/media?parent=507"}],"curies":[{"name":"wp","href":"https:\/\/api.w.org\/{rel}","templated":true}]}}